{"id":7,"date":"2026-05-08T10:31:33","date_gmt":"2026-05-08T10:31:33","guid":{"rendered":"https:\/\/xufesginer.com\/?page_id=7"},"modified":"2026-05-08T10:45:11","modified_gmt":"2026-05-08T10:45:11","slug":"inicio","status":"publish","type":"page","link":"https:\/\/xufesginer.com\/","title":{"rendered":"Inicio"},"content":{"rendered":"\t\t<div data-elementor-type=\"wp-post\" data-elementor-id=\"7\" class=\"elementor elementor-7\">\n\t\t\t\t<div class=\"elementor-element elementor-element-a0f7425 e-flex e-con-boxed e-con e-parent\" data-id=\"a0f7425\" data-element_type=\"container\" data-e-type=\"container\">\n\t\t\t\t\t<div class=\"e-con-inner\">\n\t\t\t\t<div class=\"elementor-element elementor-element-585c43f elementor-widget elementor-widget-image\" data-id=\"585c43f\" data-element_type=\"widget\" data-e-type=\"widget\" data-widget_type=\"image.default\">\n\t\t\t\t\t\t\t\t\t\t\t\t\t\t\t<img decoding=\"async\" width=\"340\" height=\"37\" src=\"https:\/\/xufesginer.com\/wp-content\/uploads\/2026\/05\/logo-1.png\" class=\"attachment-large size-large wp-image-10\" alt=\"\" srcset=\"https:\/\/xufesginer.com\/wp-content\/uploads\/2026\/05\/logo-1.png 340w, https:\/\/xufesginer.com\/wp-content\/uploads\/2026\/05\/logo-1-300x33.png 300w\" sizes=\"(max-width: 340px) 100vw, 340px\" \/>\t\t\t\t\t\t\t\t\t\t\t\t\t\t\t<\/div>\n\t\t\t\t<div class=\"elementor-element elementor-element-7b5fb2b elementor-icon-list--layout-traditional elementor-list-item-link-full_width elementor-widget elementor-widget-icon-list\" data-id=\"7b5fb2b\" data-element_type=\"widget\" data-e-type=\"widget\" data-widget_type=\"icon-list.default\">\n\t\t\t\t\t\t\t<ul class=\"elementor-icon-list-items\">\n\t\t\t\t\t\t\t<li class=\"elementor-icon-list-item\">\n\t\t\t\t\t\t\t\t\t\t\t<span class=\"elementor-icon-list-icon\">\n\t\t\t\t\t\t\t<svg aria-hidden=\"true\" class=\"e-font-icon-svg e-far-address-book\" viewBox=\"0 0 448 512\" xmlns=\"http:\/\/www.w3.org\/2000\/svg\"><path d=\"M436 160c6.6 0 12-5.4 12-12v-40c0-6.6-5.4-12-12-12h-20V48c0-26.5-21.5-48-48-48H48C21.5 0 0 21.5 0 48v416c0 26.5 21.5 48 48 48h320c26.5 0 48-21.5 48-48v-48h20c6.6 0 12-5.4 12-12v-40c0-6.6-5.4-12-12-12h-20v-64h20c6.6 0 12-5.4 12-12v-40c0-6.6-5.4-12-12-12h-20v-64h20zm-68 304H48V48h320v416zM208 256c35.3 0 64-28.7 64-64s-28.7-64-64-64-64 28.7-64 64 28.7 64 64 64zm-89.6 128h179.2c12.4 0 22.4-8.6 22.4-19.2v-19.2c0-31.8-30.1-57.6-67.2-57.6-10.8 0-18.7 8-44.8 8-26.9 0-33.4-8-44.8-8-37.1 0-67.2 25.8-67.2 57.6v19.2c0 10.6 10 19.2 22.4 19.2z\"><\/path><\/svg>\t\t\t\t\t\t<\/span>\n\t\t\t\t\t\t\t\t\t\t<span class=\"elementor-icon-list-text\">Camino Fondo s\/n, 46120 Alboraia (Valencia)<\/span>\n\t\t\t\t\t\t\t\t\t<\/li>\n\t\t\t\t\t\t\t\t<li class=\"elementor-icon-list-item\">\n\t\t\t\t\t\t\t\t\t\t\t<span class=\"elementor-icon-list-icon\">\n\t\t\t\t\t\t\t<svg aria-hidden=\"true\" class=\"e-font-icon-svg e-far-envelope\" viewBox=\"0 0 512 512\" xmlns=\"http:\/\/www.w3.org\/2000\/svg\"><path d=\"M464 64H48C21.49 64 0 85.49 0 112v288c0 26.51 21.49 48 48 48h416c26.51 0 48-21.49 48-48V112c0-26.51-21.49-48-48-48zm0 48v40.805c-22.422 18.259-58.168 46.651-134.587 106.49-16.841 13.247-50.201 45.072-73.413 44.701-23.208.375-56.579-31.459-73.413-44.701C106.18 199.465 70.425 171.067 48 152.805V112h416zM48 400V214.398c22.914 18.251 55.409 43.862 104.938 82.646 21.857 17.205 60.134 55.186 103.062 54.955 42.717.231 80.509-37.199 103.053-54.947 49.528-38.783 82.032-64.401 104.947-82.653V400H48z\"><\/path><\/svg>\t\t\t\t\t\t<\/span>\n\t\t\t\t\t\t\t\t\t\t<span class=\"elementor-icon-list-text\">info@xufesginer.com<\/span>\n\t\t\t\t\t\t\t\t\t<\/li>\n\t\t\t\t\t\t\t\t<li class=\"elementor-icon-list-item\">\n\t\t\t\t\t\t\t\t\t\t\t<span class=\"elementor-icon-list-icon\">\n\t\t\t\t\t\t\t<svg aria-hidden=\"true\" class=\"e-font-icon-svg e-fas-phone-alt\" viewBox=\"0 0 512 512\" xmlns=\"http:\/\/www.w3.org\/2000\/svg\"><path d=\"M497.39 361.8l-112-48a24 24 0 0 0-28 6.9l-49.6 60.6A370.66 370.66 0 0 1 130.6 204.11l60.6-49.6a23.94 23.94 0 0 0 6.9-28l-48-112A24.16 24.16 0 0 0 122.6.61l-104 24A24 24 0 0 0 0 48c0 256.5 207.9 464 464 464a24 24 0 0 0 23.4-18.6l24-104a24.29 24.29 0 0 0-14.01-27.6z\"><\/path><\/svg>\t\t\t\t\t\t<\/span>\n\t\t\t\t\t\t\t\t\t\t<span class=\"elementor-icon-list-text\">629 616 282 \/ 619 076 052<\/span>\n\t\t\t\t\t\t\t\t\t<\/li>\n\t\t\t\t\t\t<\/ul>\n\t\t\t\t\t\t<\/div>\n\t\t<div class=\"elementor-element elementor-element-e94b1e3 e-con-full e-flex e-con e-child\" data-id=\"e94b1e3\" data-element_type=\"container\" data-e-type=\"container\">\n\t\t\t\t<div class=\"elementor-element elementor-element-fb27ed6 elementor-widget elementor-widget-image\" data-id=\"fb27ed6\" data-element_type=\"widget\" data-e-type=\"widget\" data-widget_type=\"image.default\">\n\t\t\t\t\t\t\t\t\t\t\t\t\t\t\t<img fetchpriority=\"high\" decoding=\"async\" width=\"800\" height=\"72\" src=\"https:\/\/xufesginer.com\/wp-content\/uploads\/2026\/05\/logos-1@2x.png\" class=\"attachment-large size-large wp-image-15\" alt=\"\" srcset=\"https:\/\/xufesginer.com\/wp-content\/uploads\/2026\/05\/logos-1@2x.png 849w, https:\/\/xufesginer.com\/wp-content\/uploads\/2026\/05\/logos-1@2x-300x27.png 300w, https:\/\/xufesginer.com\/wp-content\/uploads\/2026\/05\/logos-1@2x-768x69.png 768w\" sizes=\"(max-width: 800px) 100vw, 800px\" \/>\t\t\t\t\t\t\t\t\t\t\t\t\t\t\t<\/div>\n\t\t\t\t<div class=\"elementor-element elementor-element-883f156 elementor-widget elementor-widget-text-editor\" data-id=\"883f156\" data-element_type=\"widget\" data-e-type=\"widget\" data-widget_type=\"text-editor.default\">\n\t\t\t\t\t\t\t\t\t<p>XUFES GINER, S.L. recibe apoyo financiero de la Uni\u00f3n Europea dentro del Programa Operativo FEDER de la Comunitat Valenciana 2021-2027 para la ejecuci\u00f3n de una Instalaci\u00f3n solar fotovoltaica de autoconsumo subvencionada por el Instituto Valenciano de Competitividad Empresarial (IVACE), siendo la ayuda de 5.255,25 \u20ac. El sistema fotovoltaico se ubica en la cubierta inclinada de un edificio de tipolog\u00eda industrial y producir\u00e1 anualmente 24.457,19 kWh.<\/p>\t\t\t\t\t\t\t\t<\/div>\n\t\t\t\t<div class=\"elementor-element elementor-element-bd07bf5 elementor-widget elementor-widget-image\" data-id=\"bd07bf5\" data-element_type=\"widget\" data-e-type=\"widget\" data-widget_type=\"image.default\">\n\t\t\t\t\t\t\t\t\t\t\t\t\t\t\t<img decoding=\"async\" width=\"800\" height=\"65\" src=\"https:\/\/xufesginer.com\/wp-content\/uploads\/2026\/05\/logos-2@2x.png\" class=\"attachment-large size-large wp-image-14\" alt=\"\" srcset=\"https:\/\/xufesginer.com\/wp-content\/uploads\/2026\/05\/logos-2@2x.png 850w, https:\/\/xufesginer.com\/wp-content\/uploads\/2026\/05\/logos-2@2x-300x24.png 300w, https:\/\/xufesginer.com\/wp-content\/uploads\/2026\/05\/logos-2@2x-768x62.png 768w\" sizes=\"(max-width: 800px) 100vw, 800px\" \/>\t\t\t\t\t\t\t\t\t\t\t\t\t\t\t<\/div>\n\t\t\t\t<\/div>\n\t\t\t\t\t<\/div>\n\t\t\t\t<\/div>\n\t\t<div class=\"elementor-element elementor-element-47ae80f e-flex e-con-boxed e-con e-parent\" data-id=\"47ae80f\" data-element_type=\"container\" data-e-type=\"container\">\n\t\t\t\t\t<div class=\"e-con-inner\">\n\t\t\t\t\t<\/div>\n\t\t\t\t<\/div>\n\t\t\t\t<\/div>\n\t\t","protected":false},"excerpt":{"rendered":"<p>Camino Fondo s\/n, 46120 Alboraia (Valencia) info@xufesginer.com 629 616 282 \/ 619 076 052 XUFES GINER, S.L. recibe apoyo financiero de la Uni\u00f3n Europea dentro del Programa Operativo FEDER de la Comunitat Valenciana 2021-2027 para la ejecuci\u00f3n de una Instalaci\u00f3n solar fotovoltaica de autoconsumo subvencionada por el Instituto Valenciano de Competitividad Empresarial (IVACE), siendo la [&hellip;]<\/p>\n","protected":false},"author":1,"featured_media":0,"parent":0,"menu_order":0,"comment_status":"closed","ping_status":"closed","template":"elementor_canvas","meta":{"footnotes":""},"class_list":["post-7","page","type-page","status-publish","hentry"],"_links":{"self":[{"href":"https:\/\/xufesginer.com\/index.php\/wp-json\/wp\/v2\/pages\/7","targetHints":{"allow":["GET"]}}],"collection":[{"href":"https:\/\/xufesginer.com\/index.php\/wp-json\/wp\/v2\/pages"}],"about":[{"href":"https:\/\/xufesginer.com\/index.php\/wp-json\/wp\/v2\/types\/page"}],"author":[{"embeddable":true,"href":"https:\/\/xufesginer.com\/index.php\/wp-json\/wp\/v2\/users\/1"}],"replies":[{"embeddable":true,"href":"https:\/\/xufesginer.com\/index.php\/wp-json\/wp\/v2\/comments?post=7"}],"version-history":[{"count":35,"href":"https:\/\/xufesginer.com\/index.php\/wp-json\/wp\/v2\/pages\/7\/revisions"}],"predecessor-version":[{"id":48,"href":"https:\/\/xufesginer.com\/index.php\/wp-json\/wp\/v2\/pages\/7\/revisions\/48"}],"wp:attachment":[{"href":"https:\/\/xufesginer.com\/index.php\/wp-json\/wp\/v2\/media?parent=7"}],"curies":[{"name":"wp","href":"https:\/\/api.w.org\/{rel}","templated":true}]}}